{"id":391,"date":"2020-01-23T15:26:25","date_gmt":"2020-01-23T18:26:25","guid":{"rendered":"http:\/\/www.centromedicoveredas.com.br\/cm\/?page_id=391"},"modified":"2026-02-04T17:23:16","modified_gmt":"2026-02-04T20:23:16","slug":"endocrinologia","status":"publish","type":"page","link":"http:\/\/www.centromedicoveredas.com.br\/cm\/endocrinologia\/","title":{"rendered":"Endocrinologia"},"content":{"rendered":"<p><img loading=\"lazy\" decoding=\"async\" width=\"768\" height=\"103\" src=\"http:\/\/www.centromedicoveredas.com.br\/cm\/wp-content\/uploads\/2020\/09\/logo-cmveredas-site-768x103.png\" alt=\"\" srcset=\"http:\/\/www.centromedicoveredas.com.br\/cm\/wp-content\/uploads\/2020\/09\/logo-cmveredas-site-768x103.png 768w, http:\/\/www.centromedicoveredas.com.br\/cm\/wp-content\/uploads\/2020\/09\/logo-cmveredas-site-300x40.png 300w, http:\/\/www.centromedicoveredas.com.br\/cm\/wp-content\/uploads\/2020\/09\/logo-cmveredas-site-1024x137.png 1024w, http:\/\/www.centromedicoveredas.com.br\/cm\/wp-content\/uploads\/2020\/09\/logo-cmveredas-site-1536x205.png 1536w, http:\/\/www.centromedicoveredas.com.br\/cm\/wp-content\/uploads\/2020\/09\/logo-cmveredas-site.png 1588w\" sizes=\"auto, (max-width: 768px) 100vw, 768px\" \/><br \/>\n\t\t\t\t\t\t\tM\u00e9dicos \/ Especialidades<\/p>\n<h2>Endocrinologista<\/h2>\n<p>Endocrinologia \u00e9 uma especialidade m\u00e9dica que estuda as ordens do sistema end\u00f3crino e suas secre\u00e7\u00f5es espec\u00edficas, chamadas de secre\u00e7\u00f5es fisiol\u00f3gicas. As principais \u00e1reas de atua\u00e7\u00e3o do especialista, que \u00e9 denominado endocrinologista, s\u00e3o o tratamento de: diabetes, obesidade, doen\u00e7as da tireoide, desordens da gl\u00e2ndula hip\u00f3fise, dist\u00farbios da menstrua\u00e7\u00e3o, entre outros.<\/p>\n<h2>Nossos especialistas na \u00e1rea:<\/h2>\n<h2>Selecione abaixo a especialidade que deseja.<\/h2>\n<h2>Fique por dentro<\/h2>\n<p>Cadastre seu email e fique por dentro das novidades do Centro M\u00e9dico Veredas.&nbsp;<\/p>\n<p>\t\t\t\t\t\t\t\t\t\t<img loading=\"lazy\" decoding=\"async\" width=\"800\" height=\"107\" src=\"http:\/\/www.centromedicoveredas.com.br\/cm\/wp-content\/uploads\/2020\/09\/logo-cmveredas-site-1024x137.png\" alt=\"\" srcset=\"http:\/\/www.centromedicoveredas.com.br\/cm\/wp-content\/uploads\/2020\/09\/logo-cmveredas-site-1024x137.png 1024w, http:\/\/www.centromedicoveredas.com.br\/cm\/wp-content\/uploads\/2020\/09\/logo-cmveredas-site-300x40.png 300w, http:\/\/www.centromedicoveredas.com.br\/cm\/wp-content\/uploads\/2020\/09\/logo-cmveredas-site-768x103.png 768w, http:\/\/www.centromedicoveredas.com.br\/cm\/wp-content\/uploads\/2020\/09\/logo-cmveredas-site-1536x205.png 1536w, http:\/\/www.centromedicoveredas.com.br\/cm\/wp-content\/uploads\/2020\/09\/logo-cmveredas-site.png 1588w\" sizes=\"auto, (max-width: 800px) 100vw, 800px\" \/><br \/>\n\t\t\t\u00a9 2020 Centro M\u00e9dico Hospital Veredas. Todos os direitos reservados.<br \/>\n\t\t\t\t\t<a target=\"_blank\" rel=\"noopener noreferrer\"><br \/>\n\t\t\t\t\t\tFacebook-f<br \/>\n\t\t\t\t\t\t\t\t\t\t\t<\/a><br \/>\n\t\t\t\t\t<a target=\"_blank\" rel=\"noopener noreferrer\"><br \/>\n\t\t\t\t\t\tTwitter<br \/>\n\t\t\t\t\t\t\t\t\t\t\t<\/a><br \/>\n\t\t\t\t\t<a target=\"_blank\" rel=\"noopener noreferrer\"><br \/>\n\t\t\t\t\t\tGoogle-plus-g<br \/>\n\t\t\t\t\t\t\t\t\t\t\t<\/a><\/p>\n","protected":false},"excerpt":{"rendered":"<p>M\u00e9dicos \/ Especialidades Endocrinologista Endocrinologia \u00e9 uma especialidade m\u00e9dica que estuda as ordens do sistema end\u00f3crino e suas secre\u00e7\u00f5es espec\u00edficas, chamadas de secre\u00e7\u00f5es fisiol\u00f3gicas. As principais \u00e1reas de atua\u00e7\u00e3o do especialista, que \u00e9 denominado endocrinologista, s\u00e3o o tratamento de: diabetes, obesidade, doen\u00e7as da tireoide, desordens da gl\u00e2ndula hip\u00f3fise, dist\u00farbios da menstrua\u00e7\u00e3o, entre outros. Nossos especialistas [&hellip;]<\/p>\n","protected":false},"author":1,"featured_media":0,"parent":0,"menu_order":0,"comment_status":"closed","ping_status":"closed","template":"elementor_canvas","meta":{"_acf_changed":false,"_exactmetrics_skip_tracking":false,"_exactmetrics_sitenote_active":false,"_exactmetrics_sitenote_note":"","_exactmetrics_sitenote_category":0,"_joinchat":[],"footnotes":""},"class_list":["post-391","page","type-page","status-publish","hentry"],"acf":[],"_links":{"self":[{"href":"http:\/\/www.centromedicoveredas.com.br\/cm\/wp-json\/wp\/v2\/pages\/391","targetHints":{"allow":["GET"]}}],"collection":[{"href":"http:\/\/www.centromedicoveredas.com.br\/cm\/wp-json\/wp\/v2\/pages"}],"about":[{"href":"http:\/\/www.centromedicoveredas.com.br\/cm\/wp-json\/wp\/v2\/types\/page"}],"author":[{"embeddable":true,"href":"http:\/\/www.centromedicoveredas.com.br\/cm\/wp-json\/wp\/v2\/users\/1"}],"replies":[{"embeddable":true,"href":"http:\/\/www.centromedicoveredas.com.br\/cm\/wp-json\/wp\/v2\/comments?post=391"}],"version-history":[{"count":4,"href":"http:\/\/www.centromedicoveredas.com.br\/cm\/wp-json\/wp\/v2\/pages\/391\/revisions"}],"predecessor-version":[{"id":1003,"href":"http:\/\/www.centromedicoveredas.com.br\/cm\/wp-json\/wp\/v2\/pages\/391\/revisions\/1003"}],"wp:attachment":[{"href":"http:\/\/www.centromedicoveredas.com.br\/cm\/wp-json\/wp\/v2\/media?parent=391"}],"curies":[{"name":"wp","href":"https:\/\/api.w.org\/{rel}","templated":true}]}}